{"id":90,"date":"2026-03-21T12:43:01","date_gmt":"2026-03-21T12:43:01","guid":{"rendered":"https:\/\/doroiptv.com\/?page_id=90"},"modified":"2026-03-21T12:43:01","modified_gmt":"2026-03-21T12:43:01","slug":"home","status":"publish","type":"page","link":"https:\/\/doroiptv.com\/","title":{"rendered":"HOME"},"content":{"rendered":"\n    <div class=\"doroiptv-home-page\">\n        <!-- Header with Logo -->\n        <header class=\"doroiptv-header\">\n            <div class=\"doroiptv-container\">\n                <div class=\"doroiptv-header-content\">\n                    <div class=\"doroiptv-header-logo\">\n                        <img decoding=\"async\" data-src=\"https:\/\/doroiptv.com\/wp-content\/plugins\/doroiptv-plugin\/assets\/images\/icon_live.png\" alt=\"DoroIPTV\" class=\"doroiptv-header-logo-img lazyload\" src=\"data:image\/svg+xml;base64,PHN2ZyB3aWR0aD0iMSIgaGVpZ2h0PSIxIiB4bWxucz0iaHR0cDovL3d3dy53My5vcmcvMjAwMC9zdmciPjwvc3ZnPg==\" \/>\n                    <\/div>\n                    <h1 class=\"doroiptv-header-title\">DoroIPTV<\/h1>\n                <\/div>\n            <\/div>\n        <\/header>\n\n        <!-- Hero Section -->\n        <section class=\"doroiptv-hero\">\n            <div class=\"doroiptv-container\">\n                <div class=\"doroiptv-hero-grid\">\n                    <div class=\"doroiptv-hero-content\">\n                        <div class=\"doroiptv-logo-wrapper\">\n                            <img decoding=\"async\" data-src=\"https:\/\/doroiptv.com\/wp-content\/plugins\/doroiptv-plugin\/assets\/images\/icon_live.png\" alt=\"DoroIPTV\" class=\"doroiptv-logo lazyload\" src=\"data:image\/svg+xml;base64,PHN2ZyB3aWR0aD0iMSIgaGVpZ2h0PSIxIiB4bWxucz0iaHR0cDovL3d3dy53My5vcmcvMjAwMC9zdmciPjwvc3ZnPg==\" \/>\n                        <\/div>\n                        <h1 class=\"doroiptv-title\">DoroIPTV Player<\/h1>\n                        <p class=\"doroiptv-subtitle\">Cel mai bun player media pentru Android. Suport\u0103 toate dispozitivele \u0219i rezolu\u021biile.<\/p>\n                        <a href=\"http:\/\/aftv.news\/7511269\" class=\"doroiptv-btn doroiptv-btn-primary\">\u25b6 Descarc\u0103 Acum<\/a>\n                    <\/div>\n                    <div class=\"doroiptv-hero-image\">\n                        <div class=\"doroiptv-card\">\n                            <img decoding=\"async\" data-src=\"https:\/\/doroiptv.com\/wp-content\/plugins\/doroiptv-plugin\/assets\/images\/icon_live.png\" alt=\"DoroIPTV Logo\" class=\"doroiptv-card-image lazyload\" src=\"data:image\/svg+xml;base64,PHN2ZyB3aWR0aD0iMSIgaGVpZ2h0PSIxIiB4bWxucz0iaHR0cDovL3d3dy53My5vcmcvMjAwMC9zdmciPjwvc3ZnPg==\" \/>\n                            <h3>DoroIPTV<\/h3>\n                            <p>Player Media Premium<\/p>\n                        <\/div>\n                    <\/div>\n                <\/div>\n            <\/div>\n        <\/section>\n\n        <!-- Disclaimer -->\n        <section class=\"doroiptv-disclaimer\">\n            <p>Nu vindem sau nu oferim con\u021binut sau streaming de canale legale sau ilegale, filme, seriale. V\u0103 sf\u0103tuim s\u0103 utiliza\u021bi propriile liste legale sau s\u0103 crea\u021bi propriile liste. Nu utiliza\u021bi con\u021binut ilegal!<\/p>\n        <\/section>\n\n        <!-- Download Section -->\n        <section class=\"doroiptv-download\">\n            <div class=\"doroiptv-container\">\n                <div class=\"doroiptv-section-header\">\n                    <img decoding=\"async\" data-src=\"https:\/\/doroiptv.com\/wp-content\/plugins\/doroiptv-plugin\/assets\/images\/icon_live.png\" alt=\"DoroIPTV\" class=\"doroiptv-section-logo lazyload\" src=\"data:image\/svg+xml;base64,PHN2ZyB3aWR0aD0iMSIgaGVpZ2h0PSIxIiB4bWxucz0iaHR0cDovL3d3dy53My5vcmcvMjAwMC9zdmciPjwvc3ZnPg==\" \/>\n                    <h2>Descarc\u0103 DoroIPTV<\/h2>\n                    <div class=\"doroiptv-divider\"><\/div>\n                <\/div>\n\n                <div class=\"doroiptv-download-grid\">\n                    <a href=\"http:\/\/aftv.news\/7511269\" class=\"doroiptv-download-btn\">\n                        <span class=\"doroiptv-icon\">\ud83c\udfae<\/span> Google Play\n                    <\/a>\n                    <a href=\"http:\/\/aftv.news\/7511269\" class=\"doroiptv-download-btn\">\n                        <span class=\"doroiptv-icon\">\ud83d\udd25<\/span> Amazon Fire TV\n                    <\/a>\n                    <a href=\"http:\/\/aftv.news\/7511269\" class=\"doroiptv-download-btn\">\n                        <span class=\"doroiptv-icon\">\ud83d\udcfa<\/span> Android TV\n                    <\/a>\n                    <a href=\"http:\/\/aftv.news\/7511269\" class=\"doroiptv-download-btn\">\n                        <span class=\"doroiptv-icon\">\ud83d\udcf1<\/span> Android Stick\n                    <\/a>\n                    <a href=\"http:\/\/aftv.news\/7511269\" class=\"doroiptv-download-btn\">\n                        <span class=\"doroiptv-icon\">\ud83d\udce6<\/span> Android Box\n                    <\/a>\n                    <a href=\"http:\/\/aftv.news\/7511269\" class=\"doroiptv-download-btn\">\n                        <span class=\"doroiptv-icon\">\ud83d\udcf1<\/span> Telefoane Android\n                    <\/a>\n                <\/div>\n\n                <div class=\"doroiptv-download-info\">\n                    <p class=\"doroiptv-download-title\">Descarc\u0103 Aplica\u021bia pentru Android, Amazon Fire TV:<\/p>\n                    <a href=\"http:\/\/aftv.news\/7511269\" class=\"doroiptv-download-link\">http:\/\/aftv.news\/7511269<\/a>\n                    <p class=\"doroiptv-download-code\">Cod Downloader: <span>7511269<\/span><\/p>\n                <\/div>\n            <\/div>\n        <\/section>\n\n        <!-- Features Section -->\n        <section class=\"doroiptv-features\">\n            <div class=\"doroiptv-container\">\n                <div class=\"doroiptv-features-header\">\n                    <img decoding=\"async\" data-src=\"https:\/\/doroiptv.com\/wp-content\/plugins\/doroiptv-plugin\/assets\/images\/icon_live.png\" alt=\"DoroIPTV\" class=\"doroiptv-features-logo lazyload\" src=\"data:image\/svg+xml;base64,PHN2ZyB3aWR0aD0iMSIgaGVpZ2h0PSIxIiB4bWxucz0iaHR0cDovL3d3dy53My5vcmcvMjAwMC9zdmciPjwvc3ZnPg==\" \/>\n                    <h2 class=\"doroiptv-section-title\">Caracteristicile Noastre<\/h2>\n                    <div class=\"doroiptv-divider\"><\/div>\n                <\/div>\n\n                <div class=\"doroiptv-features-grid\">\n                    <div class=\"doroiptv-feature-card\">\n                        <div class=\"doroiptv-feature-icon\">\ud83d\udcf1<\/div>\n                        <h3>Interfa\u021b\u0103 Simpl\u0103<\/h3>\n                        <p>Oferim o interfa\u021b\u0103 simpl\u0103, dar cu cea mai bun\u0103 experien\u021b\u0103 de utilizator.<\/p>\n                    <\/div>\n                    <div class=\"doroiptv-feature-card\">\n                        <div class=\"doroiptv-feature-icon\">\u26a1<\/div>\n                        <h3>Suport Toate Rezolu\u021biile<\/h3>\n                        <p>DoroIPTV suport\u0103 toate rezolu\u021biile de ecran ale TV-urilor Android, smartphone-urilor, stick-urilor Android \u0219i cutiilor Android.<\/p>\n                    <\/div>\n                    <div class=\"doroiptv-feature-card\">\n                        <div class=\"doroiptv-feature-icon\">\u25b6<\/div>\n                        <h3>Streaming Rapid<\/h3>\n                        <p>Produsul nostru suport\u0103 MX, VLC player \u0219i Streaming Rapid.<\/p>\n                    <\/div>\n                    <div class=\"doroiptv-feature-card\">\n                        <div class=\"doroiptv-feature-icon\">\ud83c\udf10<\/div>\n                        <h3>Multilingv<\/h3>\n                        <p>Pute\u021bi selecta limbi \u00een filme \u0219i seriale.<\/p>\n                    <\/div>\n                <\/div>\n            <\/div>\n        <\/section>\n\n        <!-- About Section -->\n        <section class=\"doroiptv-about\">\n            <div class=\"doroiptv-container\">\n                <div class=\"doroiptv-about-header\">\n                    <img decoding=\"async\" data-src=\"https:\/\/doroiptv.com\/wp-content\/plugins\/doroiptv-plugin\/assets\/images\/icon_live.png\" alt=\"DoroIPTV\" class=\"doroiptv-about-logo lazyload\" src=\"data:image\/svg+xml;base64,PHN2ZyB3aWR0aD0iMSIgaGVpZ2h0PSIxIiB4bWxucz0iaHR0cDovL3d3dy53My5vcmcvMjAwMC9zdmciPjwvc3ZnPg==\" \/>\n                    <h2 class=\"doroiptv-section-title\">Cunoa\u0219te DoroIPTV<\/h2>\n                <\/div>\n\n                <div class=\"doroiptv-about-content\">\n                    <p>Cau\u021bi un player media profesional care va \u00eenc\u0103rca rapid lista de redare \u0219i va reda canalele tale preferate f\u0103r\u0103 probleme?<\/p>\n                    <p>Cunoa\u0219te DoroIPTV, care este un player media care func\u021bioneaz\u0103 pentru TV-uri inteligente Android, stick-uri Android, smartphone-uri \u0219i tablete. Cu un player media avansat, interfa\u021b\u0103 simpl\u0103 \u0219i controale avansate m3u player, este modalitatea mai inteligent\u0103 \u0219i mai u\u0219oar\u0103 de a te bucura de emisiuni TV, filme, sport sau orice \u00ee\u021bi place. Mai ales c\u0103 DoroIPTV suport\u0103 toate rezolu\u021biile de ecran, inclusiv 4K.<\/p>\n                    <p>DoroIPTV este un player media profesional care este optimizat pentru streaming rapid \u0219i u\u0219or de utilizat. Suport\u0103 toate rezolu\u021biile de ecran \u0219i are controale avansate m3u player, ceea ce \u00eel face o op\u021biune excelent\u0103 pentru oricine caut\u0103 o experien\u021b\u0103 de streaming fiabil\u0103 \u0219i eficient\u0103. Are o interfa\u021b\u0103 simpl\u0103 \u0219i suport\u0103 MX, VLC player \u0219i Fast Streaming. De asemenea, are o func\u021bie de ad\u0103ugare a canalelor \u0219i filmelor\/serialelor la lista ta de favorite.<\/p>\n                <\/div>\n            <\/div>\n        <\/section>\n\n        <!-- How to Use Section -->\n        <section class=\"doroiptv-how-to\">\n            <div class=\"doroiptv-container\">\n                <div class=\"doroiptv-how-to-header\">\n                    <img decoding=\"async\" data-src=\"https:\/\/doroiptv.com\/wp-content\/plugins\/doroiptv-plugin\/assets\/images\/icon_live.png\" alt=\"DoroIPTV\" class=\"doroiptv-how-to-logo lazyload\" src=\"data:image\/svg+xml;base64,PHN2ZyB3aWR0aD0iMSIgaGVpZ2h0PSIxIiB4bWxucz0iaHR0cDovL3d3dy53My5vcmcvMjAwMC9zdmciPjwvc3ZnPg==\" \/>\n                    <h2 class=\"doroiptv-section-title\">Cum s\u0103 Utilizezi Playerul Nostru de Streaming Media<\/h2>\n                    <div class=\"doroiptv-divider\"><\/div>\n                <\/div>\n\n                <div class=\"doroiptv-steps-grid\">\n                    <div class=\"doroiptv-step\">\n                        <div class=\"doroiptv-step-number\">1<\/div>\n                        <h3>\u00cenregistrare Gratuit\u0103<\/h3>\n                        <p>Po\u021bi ob\u021bine aplica\u021bia pentru Android TV, Amazon FireTV.<\/p>\n                    <\/div>\n                    <div class=\"doroiptv-step\">\n                        <div class=\"doroiptv-step-number\">2<\/div>\n                        <h3>Adaug\u0103 Listele Tale<\/h3>\n                        <p>Gestioneaz\u0103 listele tale de redare \u00een aplica\u021bie sau pe site-ul nostru.<\/p>\n                    <\/div>\n                    <div class=\"doroiptv-step\">\n                        <div class=\"doroiptv-step-number\">3<\/div>\n                        <h3>Activeaz\u0103 Contul<\/h3>\n                        <p>Activeaz\u0103 contul t\u0103u prin Cump\u0103rare \u00een Aplica\u021bie sau pe site-ul nostru.<\/p>\n                    <\/div>\n                    <div class=\"doroiptv-step\">\n                        <div class=\"doroiptv-step-number\">4<\/div>\n                        <h3>Gata<\/h3>\n                        <p>Acum bucur\u0103-te de media ta f\u0103r\u0103 \u00eent\u00e2rzieri \u0219i probleme.<\/p>\n                    <\/div>\n                <\/div>\n            <\/div>\n        <\/section>\n\n        <!-- Footer -->\n        <footer class=\"doroiptv-footer\">\n            <div class=\"doroiptv-container\">\n                <div class=\"doroiptv-footer-content\">\n                    <div class=\"doroiptv-footer-logo\">\n                        <img decoding=\"async\" data-src=\"https:\/\/doroiptv.com\/wp-content\/plugins\/doroiptv-plugin\/assets\/images\/icon_live.png\" alt=\"DoroIPTV\" class=\"doroiptv-footer-logo-img lazyload\" src=\"data:image\/svg+xml;base64,PHN2ZyB3aWR0aD0iMSIgaGVpZ2h0PSIxIiB4bWxucz0iaHR0cDovL3d3dy53My5vcmcvMjAwMC9zdmciPjwvc3ZnPg==\" \/>\n                    <\/div>\n                    <div class=\"doroiptv-footer-info\">\n                        <h3>DoroIPTV<\/h3>\n                        <p>Cel mai bun player media pentru Android<\/p>\n                        <p class=\"doroiptv-footer-copyright\">\u00a9 2026 DoroIPTV. Toate drepturile rezervate.<\/p>\n                    <\/div>\n                <\/div>\n            <\/div>\n        <\/footer>\n    <\/div>\n    \n","protected":false},"excerpt":{"rendered":"","protected":false},"author":1,"featured_media":0,"parent":0,"menu_order":0,"comment_status":"closed","ping_status":"closed","template":"","meta":{"footnotes":""},"class_list":["post-90","page","type-page","status-publish","hentry"],"blocksy_meta":[],"_links":{"self":[{"href":"https:\/\/doroiptv.com\/index.php\/wp-json\/wp\/v2\/pages\/90","targetHints":{"allow":["GET"]}}],"collection":[{"href":"https:\/\/doroiptv.com\/index.php\/wp-json\/wp\/v2\/pages"}],"about":[{"href":"https:\/\/doroiptv.com\/index.php\/wp-json\/wp\/v2\/types\/page"}],"author":[{"embeddable":true,"href":"https:\/\/doroiptv.com\/index.php\/wp-json\/wp\/v2\/users\/1"}],"replies":[{"embeddable":true,"href":"https:\/\/doroiptv.com\/index.php\/wp-json\/wp\/v2\/comments?post=90"}],"version-history":[{"count":2,"href":"https:\/\/doroiptv.com\/index.php\/wp-json\/wp\/v2\/pages\/90\/revisions"}],"predecessor-version":[{"id":194,"href":"https:\/\/doroiptv.com\/index.php\/wp-json\/wp\/v2\/pages\/90\/revisions\/194"}],"wp:attachment":[{"href":"https:\/\/doroiptv.com\/index.php\/wp-json\/wp\/v2\/media?parent=90"}],"curies":[{"name":"wp","href":"https:\/\/api.w.org\/{rel}","templated":true}]}}